{"id":6796,"date":"2022-05-27T10:56:34","date_gmt":"2022-05-27T10:56:34","guid":{"rendered":"http:\/\/www.fonswijn.nl\/dev\/?post_type=product&#038;p=6796"},"modified":"2023-07-19T13:47:59","modified_gmt":"2023-07-19T13:47:59","slug":"domaine-des-homs-le-viognier-pays-doc-2","status":"publish","type":"product","link":"https:\/\/www.fonswijn.nl\/dev\/product\/domaine-des-homs-le-viognier-pays-doc-2\/","title":{"rendered":"C\u00f4tes du Rh\u00f4ne villages blanc &#8216;cru Laudun&#8217; excellence Maison Sinnae"},"content":{"rendered":"<p>Deze C\u00f4tes du Rh\u00f4ne heeft een goud fonkelende kleur met wat groene tinten. Aromatisch van geur en smaak met rijp wit fruit en hout. Harmonieus en met een zacht mondgevoel. De wijn heeft een lange mineralige afdronk.<\/p>\n","protected":false},"excerpt":{"rendered":"<p>&#8211; aromatische witte Rh\u00f4ne  <\/p>\n<p>&#8211; houtgelagerd &#038; elegant<\/p>\n<p>&#8211; zacht &#038; mondvullend<\/p>\n","protected":false},"featured_media":7355,"comment_status":"open","ping_status":"closed","template":"","meta":[],"product_cat":[15],"product_tag":[],"class_list":{"0":"post-6796","1":"product","2":"type-product","3":"status-publish","4":"has-post-thumbnail","6":"product_cat-wijn","8":"first","9":"instock","10":"taxable","11":"shipping-taxable","12":"purchasable","13":"product-type-simple"},"_links":{"self":[{"href":"https:\/\/www.fonswijn.nl\/dev\/wp-json\/wp\/v2\/product\/6796","targetHints":{"allow":["GET"]}}],"collection":[{"href":"https:\/\/www.fonswijn.nl\/dev\/wp-json\/wp\/v2\/product"}],"about":[{"href":"https:\/\/www.fonswijn.nl\/dev\/wp-json\/wp\/v2\/types\/product"}],"replies":[{"embeddable":true,"href":"https:\/\/www.fonswijn.nl\/dev\/wp-json\/wp\/v2\/comments?post=6796"}],"wp:featuredmedia":[{"embeddable":true,"href":"https:\/\/www.fonswijn.nl\/dev\/wp-json\/wp\/v2\/media\/7355"}],"wp:attachment":[{"href":"https:\/\/www.fonswijn.nl\/dev\/wp-json\/wp\/v2\/media?parent=6796"}],"wp:term":[{"taxonomy":"product_cat","embeddable":true,"href":"https:\/\/www.fonswijn.nl\/dev\/wp-json\/wp\/v2\/product_cat?post=6796"},{"taxonomy":"product_tag","embeddable":true,"href":"https:\/\/www.fonswijn.nl\/dev\/wp-json\/wp\/v2\/product_tag?post=6796"}],"curies":[{"name":"wp","href":"https:\/\/api.w.org\/{rel}","templated":true}]}}