{"id":7408,"date":"2023-07-19T13:00:33","date_gmt":"2023-07-19T13:00:33","guid":{"rendered":"https:\/\/www.fonswijn.nl\/dev\/?post_type=product&#038;p=7408"},"modified":"2023-07-20T13:49:08","modified_gmt":"2023-07-20T13:49:08","slug":"trentino-lagrein-riserva-castel-firmian","status":"publish","type":"product","link":"https:\/\/www.fonswijn.nl\/dev\/product\/trentino-lagrein-riserva-castel-firmian\/","title":{"rendered":"Trentino lagrein riserva Castel Firmian"},"content":{"rendered":"<p>Ik ben gek op de wijnen uit Itali\u00eb! Waarom? Itali\u00eb heeft veel inheemse druivenrassen die \u00e9cht het ontdekken waard zijn. Zo ook de inheemse druif Lagrein. Nooit van gehoord? Toch is bekend dat dit ras in de 19de eeuw al werd geteelt voor wijnbouw.<\/p>\n<p>MezzaCorona, het handelshuis, ie \u00e9\u00e9n van Itali\u00eb grootste wijnbedrijven. Gestart in 1904 in Noord Itali\u00eb als co\u00f6peratie en tegenwoordig enorm uitgegroeid, tot een groot wijnimperium uitgestrekt vanaf het hoge Noorden tot het diepe Zuiden<\/p>\n","protected":false},"excerpt":{"rendered":"<p>&#8211; eigengereid, Italiaans rood<\/p>\n<p>&#8211; &#8216;local hero&#8217; Lagrein druif! <\/p>\n<p>&#8211; rijp rood fruit &#038; zachte tannines.<\/p>\n","protected":false},"featured_media":7409,"comment_status":"open","ping_status":"closed","template":"","meta":[],"product_cat":[15],"product_tag":[],"class_list":{"0":"post-7408","1":"product","2":"type-product","3":"status-publish","4":"has-post-thumbnail","6":"product_cat-wijn","8":"first","9":"instock","10":"taxable","11":"shipping-taxable","12":"purchasable","13":"product-type-simple"},"_links":{"self":[{"href":"https:\/\/www.fonswijn.nl\/dev\/wp-json\/wp\/v2\/product\/7408","targetHints":{"allow":["GET"]}}],"collection":[{"href":"https:\/\/www.fonswijn.nl\/dev\/wp-json\/wp\/v2\/product"}],"about":[{"href":"https:\/\/www.fonswijn.nl\/dev\/wp-json\/wp\/v2\/types\/product"}],"replies":[{"embeddable":true,"href":"https:\/\/www.fonswijn.nl\/dev\/wp-json\/wp\/v2\/comments?post=7408"}],"wp:featuredmedia":[{"embeddable":true,"href":"https:\/\/www.fonswijn.nl\/dev\/wp-json\/wp\/v2\/media\/7409"}],"wp:attachment":[{"href":"https:\/\/www.fonswijn.nl\/dev\/wp-json\/wp\/v2\/media?parent=7408"}],"wp:term":[{"taxonomy":"product_cat","embeddable":true,"href":"https:\/\/www.fonswijn.nl\/dev\/wp-json\/wp\/v2\/product_cat?post=7408"},{"taxonomy":"product_tag","embeddable":true,"href":"https:\/\/www.fonswijn.nl\/dev\/wp-json\/wp\/v2\/product_tag?post=7408"}],"curies":[{"name":"wp","href":"https:\/\/api.w.org\/{rel}","templated":true}]}}